{"id":3034,"date":"2018-08-02T09:56:15","date_gmt":"2018-08-02T07:56:15","guid":{"rendered":"https:\/\/chosting.dk\/da\/?page_id=3034"},"modified":"2022-02-23T10:07:50","modified_gmt":"2022-02-23T09:07:50","slug":"cookies","status":"publish","type":"page","link":"https:\/\/chosting.dk\/da\/cookies\/","title":{"rendered":"Cookies"},"content":{"rendered":"<div class=\"wpb-content-wrapper\"><p>[vc_row el_class=&#8221;policy_Section_outer&#8221;][vc_column el_class=&#8221;policy_section_inner&#8221;][vc_row_inner css=&#8221;.vc_custom_1533198042082{background-image: url(https:\/\/chosting.dk\/data\/dots_bd_ddos.jpg?id=2609) !important;}&#8221;][vc_column_inner el_class=&#8221;Service_level_left policy_white_bg&#8221;][vc_column_text el_class=&#8221;Agreemnts_inner&#8221; css=&#8221;.vc_custom_1645607267129{padding-right: 35px !important;background-color: #ffffff !important;}&#8221;]<\/p>\n<div class=\"container-wrapper\">\n<div class=\"container cookies\">\n<h1>Cookie-politik<\/h1>\n<p>Denne side beskriver hvorledes cHosting.dk (\u201dhjemmesiden\u201d) anvender cookies til indsamling af oplysninger om de bes\u00f8gende.<\/p>\n<p><strong>Generelt<br \/>\n<\/strong>Ved bes\u00f8g p\u00e5 hjemmesiden gemmes en cookie med et unikt, ikke-personhenf\u00f8rbart nummer. Denne cookie anvendes udelukkende til navigering rundt p\u00e5 hjemmesiden og slettes igen, s\u00e5 snart du lukker browseren. For informationer om hvilke oplysninger vi opbevarer, n\u00e5r en bes\u00f8gende lader sig oprette som kunde, samt hvorledes disse efterf\u00f8lgende h\u00e5ndteres og anvendes, henvises til vores privatlivspolitik.<\/p>\n<p><strong>Google Analytics<\/strong><br \/>\nDer gemmes en cookie p\u00e5 din computer fra Google Analytics, som bruges til statistiske form\u00e5l.<\/p>\n<p><strong>Kundeomr\u00e5det<br \/>\n<\/strong>Afkrydses feltet \u201dHusk mig\u201d gemmes dit brugernavn og adgangskode i to separate cookies. Disse cookies slettes efter 365 dage, med mindre du forinden v\u00e6lger at logge ud, hvorved begge cookies slettes med det samme.<\/p>\n<p><strong>Cache<br \/>\n<\/strong>For at optimere hastigheden, hvormed hjemmesiden ved gentagende bes\u00f8g vises, anvendes cache software. Denne software genkender via en cookie tidligere bes\u00f8gende og kan p\u00e5 den baggrund vise siden fra en individuel og allerede optimeret cache.<\/p>\n<p><strong>Bes\u00f8g p\u00e5 hjemmesiden via reklamer<\/strong><br \/>\nBes\u00f8ger du hjemmesiden via en reklame, hvad enten dette sker via vores eget affiliate program eller via en af vores eksterne partnere Digital Advisor ApS, Partner-ads ApS eller TradeTracker Denmark ApS, gemmes en cookie, der indeholder information om hvilken partner, der har refereret dit bes\u00f8g.<\/p>\n<p><strong>\u00d8vrige cookies<\/strong><br \/>\nV\u00e6lger du at klikke \u201dSkjul\u201d til notifikationen i bunden af hjemmesiden, der oplyser om, at der anvendes cookies, gemmes en cookie herom, der slettes efter 1 dag. V\u00e6lger du at klikke \u201cVis ikke igen\u201d, gemmes en cookie herom, der slettes efter 365 dage.<br \/>\nL\u00e6ser du via hjemmesiden vores databehandleraftale, gemmes en cookie fra Google, da databehandleraftalen vises i PDF-format via en PDF-fremviser fra Google Drive.<\/p>\n<p><strong>Kan jeg undg\u00e5 cookies?<br \/>\n<\/strong>Du kan ikke undg\u00e5 de n\u00f8dvendige cookies. Disse er til for at sikre, at hjemmesiden fungerer korrekt. Du har dog altid mulighed for at frav\u00e6lge alt andet end de n\u00f8dvendige cookies via cookieindstillingerne p\u00e5 siden.<\/p>\n<\/div>\n<\/div>\n<p>[\/vc_column_text][\/vc_column_inner][\/vc_row_inner][\/vc_column][\/vc_row]<\/p>\n<\/div>","protected":false},"excerpt":{"rendered":"<p>[vc_row el_class=&#8221;policy_Section_outer&#8221;][vc_column el_class=&#8221;policy_section_inner&#8221;][vc_row_inner css=&#8221;.vc_custom_1533198042082{background-image: url(https:\/\/chosting.dk\/data\/dots_bd_ddos.jpg?id=2609) !important;}&#8221;][vc_column_inner el_class=&#8221;Service_level_left policy_white_bg&#8221;][vc_column_text el_class=&#8221;Agreemnts_inner&#8221; css=&#8221;.vc_custom_1645607267129{padding-right: 35px !important;background-color: #ffffff !important;}&#8221;] Cookie-politik Denne side beskriver hvorledes cHosting.dk (\u201dhjemmesiden\u201d) anvender cookies til indsamling af oplysninger om de bes\u00f8gende. Generelt Ved bes\u00f8g p\u00e5 hjemmesiden gemmes en cookie med et unikt, ikke-personhenf\u00f8rbart nummer. Denne cookie anvendes udelukkende til navigering rundt p\u00e5 hjemmesiden og slettes igen, &hellip; <a href=\"https:\/\/chosting.dk\/da\/cookies\/\" class=\"more-link\">L\u00e6s mere <span class=\"screen-reader-text\">Cookies<\/span><\/a><\/p>\n","protected":false},"author":6,"featured_media":2681,"parent":0,"menu_order":0,"comment_status":"closed","ping_status":"closed","template":"Tamplete_Terms.php","meta":{"_acf_changed":false,"inline_featured_image":false,"footnotes":""},"class_list":["post-3034","page","type-page","status-publish","has-post-thumbnail","hentry"],"acf":[],"aioseo_notices":[],"_links":{"self":[{"href":"https:\/\/chosting.dk\/da\/wp-json\/wp\/v2\/pages\/3034","targetHints":{"allow":["GET"]}}],"collection":[{"href":"https:\/\/chosting.dk\/da\/wp-json\/wp\/v2\/pages"}],"about":[{"href":"https:\/\/chosting.dk\/da\/wp-json\/wp\/v2\/types\/page"}],"author":[{"embeddable":true,"href":"https:\/\/chosting.dk\/da\/wp-json\/wp\/v2\/users\/6"}],"replies":[{"embeddable":true,"href":"https:\/\/chosting.dk\/da\/wp-json\/wp\/v2\/comments?post=3034"}],"version-history":[{"count":3,"href":"https:\/\/chosting.dk\/da\/wp-json\/wp\/v2\/pages\/3034\/revisions"}],"predecessor-version":[{"id":3950,"href":"https:\/\/chosting.dk\/da\/wp-json\/wp\/v2\/pages\/3034\/revisions\/3950"}],"wp:featuredmedia":[{"embeddable":true,"href":"https:\/\/chosting.dk\/da\/wp-json\/wp\/v2\/media\/2681"}],"wp:attachment":[{"href":"https:\/\/chosting.dk\/da\/wp-json\/wp\/v2\/media?parent=3034"}],"curies":[{"name":"wp","href":"https:\/\/api.w.org\/{rel}","templated":true}]}}