{"id":3008,"date":"2018-08-02T08:42:23","date_gmt":"2018-08-02T06:42:23","guid":{"rendered":"https:\/\/chosting.dk\/da\/?page_id=3008"},"modified":"2022-02-22T15:28:23","modified_gmt":"2022-02-22T14:28:23","slug":"privatlivspolitik","status":"publish","type":"page","link":"https:\/\/chosting.dk\/da\/privatlivspolitik\/","title":{"rendered":"Privatlivspolitik"},"content":{"rendered":"<div class=\"wpb-content-wrapper\"><p>[vc_row el_class=&#8221;policy_Section_outer&#8221;][vc_column el_class=&#8221;policy_section_inner&#8221;][vc_row_inner css=&#8221;.vc_custom_1533196062845{background-image: url(https:\/\/chosting.dk\/data\/dots_bd_ddos.jpg?id=2609) !important;}&#8221;][vc_column_inner el_class=&#8221;Service_level_left policy_white_bg&#8221;][vc_column_text el_class=&#8221;Agreemnts_inner&#8221; css=&#8221;.vc_custom_1645540100150{padding-right: 35px !important;background-color: #ffffff !important;}&#8221;]<\/p>\n<div class=\"container-wrapper\">\n<div class=\"container privacy\">\n<h1>Privatlivspolitik<\/h1>\n<p>Denne side beskriver privatlivspolitikken i cHosting ApS (\u201dvirksomheden\u201d) samt p\u00e5 cHosting.dk (\u201dhjemmesiden\u201d).<\/p>\n<p><strong>Hvilke typer oplysninger opbevarer virksomheden for registrerede kunder?<br \/>\n<\/strong>De af registrerede kunder afgivne oplysninger omfatter:<br \/>\nNavn<br \/>\nEvt. firmanavn og CVR-nummer<br \/>\nPostadresse<br \/>\nTelefonnummer<br \/>\nE-mailadresse<br \/>\nEvt. EAN-nummer<br \/>\nAdgangskode<\/p>\n<p><strong>Hvordan anvendes disse kundeoplysninger?<br \/>\n<\/strong>De af registrerede kunder afgivne oplysninger anvendes til f\u00f8lgende form\u00e5l:<br \/>\nSupport<br \/>\nDom\u00e6neregistrering<br \/>\nFakturering<\/p>\n<p><strong>Hvorfor er det n\u00f8dvendigt at registrere oplysninger som postadresse og telefonnummer?<br \/>\n<\/strong>Disse oplysninger kr\u00e6ves af registreringspartnere ved registrering af dom\u00e6ner.<\/p>\n<p><strong>Opbevarer virksomheden kreditkortoplysninger?<br \/>\n<\/strong>Nej, virksomheden opbevarer ikke nogen former for kreditkortoplysninger.<\/p>\n<p><strong>Med hvilke tredjeparter udveksles oplysninger?<br \/>\n<\/strong>For s\u00e5 vidt ang\u00e5r betalinger udveksles oplysninger med vores betalingsformidlere Stripe Inc. og PayPal (Europa) S.\u00e0 r.l.<br \/>\nVed udsendelse af EAN-fakturaer udveksles oplysninger med Fakturaservice A\/S.<br \/>\nFor dom\u00e6neregistrering udveksles oplysninger med vores registreringspartner Hexonet GmbH.<br \/>\nI alle tilf\u00e6lde udveksles s\u00e5 f\u00e5 oplysninger som muligt i forhold til den enkelte tredjeparts form\u00e5l, og al udveksling foreg\u00e5r over sikre, krypterede forbindelser.<\/p>\n<p><strong>Hvordan opbevarer virksomheden oplysninger?<br \/>\n<\/strong>Alle oplysninger opbevares p\u00e5 dedikerede servere placeret i sikrede danske hostingcentre.<\/p>\n<p><strong>Hvordan slettes min konto?<br \/>\n<\/strong>N\u00e5r din konto har v\u00e6ret inaktiv i 12 m\u00e5neder, slettes den automatisk.<br \/>\nEn konto er inaktiv, n\u00e5r der ikke l\u00e6ngere er noget aktivt produkt eller en ubetalt faktura, og der heller ikke har v\u00e6ret logget p\u00e5 kontoen i 3 m\u00e5neder.<\/p>\n<p>For at undg\u00e5, at kontoen slettes, n\u00e5r der ikke l\u00e6ngere er aktive produkter p\u00e5 kontoen, skal der blot logges ind p\u00e5 kontoen minimum hver 3. m\u00e5ned.<\/p>\n<p>\u00d8nsker du din konto slettet, f\u00f8r den har v\u00e6ret inaktiv i 12 m\u00e5neder, skal du blot kontakte kundeservice.<\/p>\n<p><strong>Udsendelse af e-mails<br \/>\n<\/strong>Virksomheden udsender kun e-mails til kunder med aktive produkter, og der udsendes udelukkende fakturaer samt informationer om f.eks. driftsforstyrrelser og systemvedligeholdelse.<\/p>\n<p><strong>Vil virksomheden nogensinde s\u00e6lge oplysninger til et andet selskab?<br \/>\n<\/strong>Absolut ikke!<\/p>\n<p><strong>Overholdelse af privatlivspolitik<br \/>\n<\/strong>Hvis du mener at opleve, at dine oplysninger ikke h\u00e5ndteres i overensstemmelse med vores privatlivspolitik, bedes du kontakte os.<\/p>\n<p><strong>Bruger hjemmesiden cookies?<br \/>\n<\/strong>Ja, hjemmesiden bruger cookies. For yderligere information henvises til <a href=\"https:\/\/chosting.dk\/da\/cookies\">informationssiden om cookies.<\/a><\/p>\n<\/div>\n<\/div>\n<p>[\/vc_column_text][\/vc_column_inner][\/vc_row_inner][\/vc_column][\/vc_row]<\/p>\n<\/div>","protected":false},"excerpt":{"rendered":"<p>[vc_row el_class=&#8221;policy_Section_outer&#8221;][vc_column el_class=&#8221;policy_section_inner&#8221;][vc_row_inner css=&#8221;.vc_custom_1533196062845{background-image: url(https:\/\/chosting.dk\/data\/dots_bd_ddos.jpg?id=2609) !important;}&#8221;][vc_column_inner el_class=&#8221;Service_level_left policy_white_bg&#8221;][vc_column_text el_class=&#8221;Agreemnts_inner&#8221; css=&#8221;.vc_custom_1645540100150{padding-right: 35px !important;background-color: #ffffff !important;}&#8221;] Privatlivspolitik Denne side beskriver privatlivspolitikken i cHosting ApS (\u201dvirksomheden\u201d) samt p\u00e5 cHosting.dk (\u201dhjemmesiden\u201d). Hvilke typer oplysninger opbevarer virksomheden for registrerede kunder? De af registrerede kunder afgivne oplysninger omfatter: Navn Evt. firmanavn og CVR-nummer Postadresse Telefonnummer E-mailadresse Evt. EAN-nummer Adgangskode Hvordan anvendes &hellip; <a href=\"https:\/\/chosting.dk\/da\/privatlivspolitik\/\" class=\"more-link\">L\u00e6s mere <span class=\"screen-reader-text\">Privatlivspolitik<\/span><\/a><\/p>\n","protected":false},"author":6,"featured_media":2681,"parent":0,"menu_order":0,"comment_status":"closed","ping_status":"closed","template":"Tamplete_Terms.php","meta":{"_acf_changed":false,"inline_featured_image":false,"footnotes":""},"class_list":["post-3008","page","type-page","status-publish","has-post-thumbnail","hentry"],"acf":[],"aioseo_notices":[],"_links":{"self":[{"href":"https:\/\/chosting.dk\/da\/wp-json\/wp\/v2\/pages\/3008","targetHints":{"allow":["GET"]}}],"collection":[{"href":"https:\/\/chosting.dk\/da\/wp-json\/wp\/v2\/pages"}],"about":[{"href":"https:\/\/chosting.dk\/da\/wp-json\/wp\/v2\/types\/page"}],"author":[{"embeddable":true,"href":"https:\/\/chosting.dk\/da\/wp-json\/wp\/v2\/users\/6"}],"replies":[{"embeddable":true,"href":"https:\/\/chosting.dk\/da\/wp-json\/wp\/v2\/comments?post=3008"}],"version-history":[{"count":3,"href":"https:\/\/chosting.dk\/da\/wp-json\/wp\/v2\/pages\/3008\/revisions"}],"predecessor-version":[{"id":3947,"href":"https:\/\/chosting.dk\/da\/wp-json\/wp\/v2\/pages\/3008\/revisions\/3947"}],"wp:featuredmedia":[{"embeddable":true,"href":"https:\/\/chosting.dk\/da\/wp-json\/wp\/v2\/media\/2681"}],"wp:attachment":[{"href":"https:\/\/chosting.dk\/da\/wp-json\/wp\/v2\/media?parent=3008"}],"curies":[{"name":"wp","href":"https:\/\/api.w.org\/{rel}","templated":true}]}}