{"id":2449,"date":"2016-08-01T14:10:08","date_gmt":"2016-08-01T12:10:08","guid":{"rendered":"http:\/\/proudwing.com\/da\/?page_id=2449"},"modified":"2025-10-07T10:27:07","modified_gmt":"2025-10-07T08:27:07","slug":"home-page","status":"publish","type":"page","link":"https:\/\/chosting.dk\/da\/","title":{"rendered":"Home page"},"content":{"rendered":"<div class=\"wpb-content-wrapper\"><p>[vc_row full_width=&#8221;stretch_row&#8221; el_class=&#8221;Home_call_to_action_outer&#8221;][vc_column][vc_row_inner css=&#8221;.vc_custom_1460034745477{margin-bottom: 35px !important;}&#8221;][vc_column_inner el_class=&#8221;Homepage_topsection_left&#8221; width=&#8221;1\/2&#8243;][vc_raw_html]JTNDaDMlMjBzdHlsZSUzRCUyMmZvbnQtc2l6ZSUzQSUyMDI3cHglM0IlMjBjb2xvciUzQSUyMCUyMzRlNGQ1NCUzQiUyMG1hcmdpbi1ib3R0b20lM0ElMjAyNXB4JTNCJTIwZm9udC13ZWlnaHQlM0ElMjBub3JtYWwlM0IlMjBsZXR0ZXItc3BhY2luZyUzQSUyMC0xcHglM0IlMjBsaW5lLWhlaWdodCUzQSUyMDQwcHglM0IlMjIlM0VjSG9zdGluZyUyMHNvbSUyMGRpbiUyMGhvc3RpbmdwYXJ0bmVyJTNDJTJGaDMlM0UlMEElM0NwJTNFJTBBSSUyMGRhZ2VucyUyMElULWxhbmRza2FiJTIwc3RpbGxlcyUyMGtyYXYlMjB0aWwlMjBoJUMzJUI4aiUyMG9wcGV0aWQlMkMlMjBodXJ0aWclMjByZXNwb25zJTIwb2clMjBzaWtrZXIlMjBoJUMzJUE1bmR0ZXJpbmclMjBhZiUyMGRhdGEuJTIwJTBBVm9yZXMlMjBlcmZhcm5lJTIwa29uc3VsZW50ZXIlMjBvZyUyMG1vZGVybmUlMjBkYXRhY2VudGVyJTIwc2lrcmVyJTJDJTIwYXQlMjBJJTIwZiVDMyVBNXIlMjBkZW4lMjBvcHRpbWFsZSUyMGwlQzMlQjhzbmluZyUyQyUyMCUwQWRlciUyMGdpdmVyJTIwamVyZXMlMjBoamVtbWVzaWRlciUyMG9nJTIwbWFpbHMlMjAlMEFoJUMzJUI4aiUyMHRpbGclQzMlQTZuZ2VsaWdoZWQlMjBvZyUyMGRyaWZ0c3N0YWJpbGl0ZXQuJTBBJTNDJTJGcCUzRQ==[\/vc_raw_html][\/vc_column_inner][vc_column_inner el_class=&#8221;Homepage_first_sectionright&#8221; width=&#8221;1\/2&#8243;][vc_raw_html css=&#8221;.vc_custom_1532932660766{margin-bottom: 0px !important;}&#8221;]JTNDdWwlM0UlMEElMDklM0NsaSUzRSUzQ3NwYW4lM0U5OS45JTI1JTIwb3BwZXRpZCUzQyUyRnNwYW4lM0UlM0MlMkZsaSUzRSUwQSUwOSUzQ2xpJTNFJTNDc3BhbiUzRUREb1MlMjBiZXNreXR0ZWxzZSUyMGlua2x1ZGVyZXQlMjBpJTIwYWxsZSUyMHNlcnZpY2VzJTNDJTJGc3BhbiUzRSUzQyUyRmxpJTNFJTBBJTA5JTNDbGklM0UlM0NzcGFuJTNFSHVydGlnJTIwa29uZmlndXJhdGlvbiUyMCUyNiUyMHNrciVDMyVBNmRkZXJzeWVkZSUyMGwlQzMlQjhzbmluZ2VyJTNDJTJGc3BhbiUzRSUzQyUyRmxpJTNFJTBBJTA5JTNDbGklM0UlM0NzcGFuJTNFRGFuc2slMjBob3N0aW5nJTIwLSUyMERhbnNrJTIwc3VwcG9ydCUyMC0lMjBEYW5za2UlMjBkYXRhY2VudHJlJTNDJTJGc3BhbiUzRSUzQyUyRmxpJTNFJTBBJTA5JTNDbGklM0UlM0NzcGFuJTNFTmVtJTIwJTI2JTIwZ2VubmVtc2lndGlnJTIwcHJpc3BvbGl0aWslM0MlMkZzcGFuJTNFJTNDJTJGbGklM0UlMEElM0MlMkZ1bCUzRSUwQQ==[\/vc_raw_html][\/vc_column_inner][\/vc_row_inner][\/vc_column][\/vc_row][vc_row full_width=&#8221;stretch_row&#8221; el_class=&#8221;Homepage_server_outer&#8221; css=&#8221;.vc_custom_1445934349868{background-color: #2d3342 !important;}&#8221;][vc_column css=&#8221;.vc_custom_1460025223929{padding-top: 0px !important;}&#8221;][vc_row_inner css=&#8221;.vc_custom_1460025375139{margin-bottom: 35px !important;}&#8221;][vc_column_inner el_class=&#8221;Boxes_Heading&#8221;][vc_column_text]<\/p>\n<h3 style=\"text-align: center;\">V\u00e6lg og konfigurer din hostingl\u00f8sning<\/h3>\n<p style=\"text-align: center;\">&#8211; eller kontakt os, hvis du \u00f8nsker en skr\u00e6ddersyet l\u00f8sning<\/p>\n<p>[\/vc_column_text][\/vc_column_inner][\/vc_row_inner][vc_row_inner el_class=&#8221;Home_page_server_inner&#8221; css=&#8221;.vc_custom_1551376890393{margin-bottom: 35px !important;}&#8221;][vc_column_inner el_class=&#8221;Homepage_boxes&#8221; width=&#8221;1\/2&#8243; css=&#8221;.vc_custom_1535481275578{margin-right: 15px !important;}&#8221;][vc_raw_html]JTNDaW1nJTIwc3JjJTNEJTIyJTJGZGF0YSUyRndlYmhvc3RpbmcucG5nJTIyJTIwc3R5bGUlM0QlMjJtYXJnaW4tYm90dG9tJTNBMnB4JTIyJTIwYWx0JTNEJTIyV2ViaG9zdGluZyUyMiUyMCUyRiUzRSUwQSUzQ2g1JTNFSGplbW1lc2lkZWhvc3RpbmclM0MlMkZoNSUzRSUwQSUzQ2gyJTNFJTNDc3BhbiUzRWtyJTNDJTJGc3BhbiUzRTIyJTNDc3BhbiUyMGNsYXNzJTNEJTIybW8lMjIlM0UlMkZtZC4lM0MlMkZzcGFuJTNFJTNDJTJGaDIlM0UlMEElM0NwJTNFRXQlMjB3ZWJob3RlbCUyMG1lZCUyMHVzJUMzJUE2ZHZhbmxpZyUyMGdvZCUyMGhhc3RpZ2hlZCUzQyUyRnAlM0UlMEElM0NhJTIwaHJlZiUzRCUyMiUyRmRhJTJGd2ViaG90ZWwlMkYlMjIlM0VWJUMzJUE2bGclMjBrb25maWd1cmF0aW9uJTNDJTJGYSUzRQ==[\/vc_raw_html][\/vc_column_inner][vc_column_inner el_class=&#8221;Homepage_boxes papuler&#8221; width=&#8221;1\/2&#8243; css=&#8221;.vc_custom_1535481270899{padding-right: 0px !important;padding-left: 0px !important;}&#8221;][vc_raw_html]JTNDaW1nJTIwc3JjJTNEJTIyJTJGZGF0YSUyRmNsb3VkdnBzLnBuZyUyMiUyMGFsdCUzRCUyMkNsb3VkJTIwVlBTJTIyJTIwJTJGJTNFJTBBJTNDaDUlM0VDbG91ZCUyMFZQUyUzQyUyRmg1JTNFJTBBJTNDaDIlM0UlM0NzcGFuJTNFa3IlM0MlMkZzcGFuJTNFNDk5JTNDc3BhbiUyMGNsYXNzJTNEJTIybW8lMjIlM0UlMkZtZC4lM0MlMkZzcGFuJTNFJTNDJTJGaDIlM0UlMEElM0NwJTNFU2thbGVyYmFyJTIwdmlydHVlbCUyMHNlcnZlciUyMG1lZCUyMGZ1bGQlMjBrb250cm9sJTNDJTJGcCUzRSUwQSUzQ2ElMjBocmVmJTNEJTIyJTJGZGElMkZ2cHMlMkYlMjIlM0VWJUMzJUE2bGclMjBrb25maWd1cmF0aW9uJTNDJTJGYSUzRQ==[\/vc_raw_html][\/vc_column_inner][\/vc_row_inner][vc_row_inner el_class=&#8221;icon_bottom&#8221; css=&#8221;.vc_custom_1533239540958{margin-bottom: -25px !important;}&#8221;][vc_column_inner][vc_raw_html css=&#8221;.vc_custom_1533237601764{margin-top: 30px !important;}&#8221;]JTNDZGl2JTIwY2xhc3MlM0QlMjJib3R0b20taGFsZi1jaXJjbGUlMjIlM0UlM0MlMkZkaXYlM0UlMEE=[\/vc_raw_html][\/vc_column_inner][\/vc_row_inner][\/vc_column][\/vc_row][vc_row full_width=&#8221;stretch_row&#8221; el_class=&#8221;ready_home_page&#8221; css=&#8221;.vc_custom_1594030579539{background-color: #ffffff !important;}&#8221;][vc_column css=&#8221;.vc_custom_1460028107385{padding-top: 0px !important;}&#8221;][vc_row_inner][vc_column_inner el_class=&#8221;Shift_left&#8221; width=&#8221;1\/2&#8243;][vc_single_image image=&#8221;3792&#8243; img_size=&#8221;medium&#8221; css_animation=&#8221;none&#8221; css=&#8221;.vc_custom_1594031132264{margin-bottom: 0px !important;}&#8221;][\/vc_column_inner][vc_column_inner el_class=&#8221;Shift_left ready_for_action&#8221; width=&#8221;1\/2&#8243;][vc_raw_html]JTNDaDMlM0VDZXJ0aWZpY2VyZXQlMjBjUGFuZWwlMjBwYXJ0bmVyJTNDJTJGaDMlM0UlMEElM0NwJTNFSG9zJTIwY0hvc3RpbmclMjBiZW55dHRlciUyMHZpJTIwb3MlMjBhZiUyMCUzQ2ElMjBjbGFzcyUzRCUyMm5vc3R5bGluZyUyMiUyMGhyZWYlM0QlMjIlMkYlMkZjcGFuZWwubmV0JTJGJTIyJTNFY1BhbmVsJTNDJTJGYSUzRSUyMHAlQzMlQTUlMjBhbGxlJTIwdm9yZXMlMjB3ZWJob3RlbGxlci4lM0MlMkZwJTNFJTBBJTNDcCUzRVZpJTIwaGFyJTIwc2lkZW4lMjBzdGFydGV0JTIwYmVueXR0ZXQlMjBjUGFuZWwlMjBvZyUyMGtlbmRlciUyMHRpbCUyMGFsbGUlMjBrcm9nZSUyMGFmJTIwc3lzdGVtZXQlMkMlMjBzb20lMjB2aSUyMGVuZHZpZGVyZSUyMGhhciUyMHRpbHBhc3NldCUyMHZvcmVzJTIwa3VuZGVycyUyMGJlaG92LiUzQyUyRnAlM0UlMEElM0NwJTNFRHUlMjBoYXIlMjBhZGdhbmclMjB0aWwlMjBjUGFuZWwlMjB1ZGVuJTIwZWtzdHJhJTIwb21rb3N0bmluZ2VyJTJDJTIwdWFuc2V0JTIwaHZpbGtldCUyMHdlYmhvdGVsJTIwZHUlMjBiZXN0aWxsZXIu[\/vc_raw_html][\/vc_column_inner][\/vc_row_inner][\/vc_column][\/vc_row][vc_row full_width=&#8221;stretch_row&#8221; el_class=&#8221;ready_home_page&#8221; css=&#8221;.vc_custom_1445940384786{background-color: #f8f8f8 !important;}&#8221;][vc_column css=&#8221;.vc_custom_1460028107385{padding-top: 0px !important;}&#8221;][vc_row_inner][vc_column_inner el_class=&#8221;Shift_right&#8221; width=&#8221;1\/2&#8243;][vc_single_image image=&#8221;3664&#8243; img_size=&#8221;full&#8221; alignment=&#8221;right&#8221; css_animation=&#8221;none&#8221;][vc_single_image image=&#8221;3124&#8243; img_size=&#8221;full&#8221; alignment=&#8221;right&#8221; css_animation=&#8221;none&#8221; css=&#8221;.vc_custom_1548278790584{margin-bottom: 0px !important;}&#8221;][\/vc_column_inner][vc_column_inner el_class=&#8221;Shift_left ready_for_action&#8221; width=&#8221;1\/2&#8243;][vc_raw_html css=&#8221;&#8221;]JTNDaDMlM0VMaXRlU3BlZWRzJTIwdGVrbm9sb2dpJTIwcCVDMyVBNSUyMGRhbnNrZSUyMHNlcnZlcmUlM0MlMkZoMyUzRSUwQSUzQ3AlM0VjSG9zdGluZyUyMGJlbnl0dGVyJTIwc2lnJTIwYWYlMjBmbGVyZSUyMGRhdGFjZW50cmUlMjBwbGFjZXJldCUyMGklMjBEYW5tYXJrLiUyMEFsbGUlMjB2b3JlcyUyMHNlcnZlcmUlMjBrJUMzJUI4cmVyJTIwJTNDYSUyMGNsYXNzJTNEJTIybm9zdHlsaW5nJTIyJTIwaHJlZiUzRCUyMiUyRiUyRmxpdGVzcGVlZHRlY2guY29tJTIyJTNFTGl0ZVNwZWVkJTNDJTJGYSUzRSUyMC0lMjBlbiUyMG1vZGVybmUlMjBvZyUyMGVmZmVrdGl2JTIwd2Vic2VydmVyJTJDJTIwZGVyJTIwZ2l2ZXIlMjBtYXJrYW50JTIwaHVydGlnZXJlJTIwaW5kbCVDMyVBNnNuaW5nc3RpZGVyJTIwb2clMjBiZWRyZSUyMHlkZWxzZSUyMGVuZCUyMHRyYWRpdGlvbmVsbGUlMjBsJUMzJUI4c25pbmdlci4lMjAlM0MlMkZwJTNFJTBBJTBBJTNDcCUzRVBsYWNlcmluZ2VuJTIwaSUyMERhbm1hcmslMjBnYXJhbnRlcmVyJTIwZGlnJTIwa29ydCUyMGFmc3RhbmQlMjB0aWwlMjBkaW5lJTIwZGF0YSUyMG9nJTIwYmVza3l0dGVsc2VuJTIwYWYlMjBkaW4lMjByZXQlMjB0aWwlMjBzaWtrZXIlMjBkYXRhJTJDJTIwdW5kZXJsYWd0JTIwZGVuJTIwZGFuc2tlJTIwbG92Z2l2bmluZy4lM0MlMkZwJTNFJTBBJTBBJTNDcCUzRSUzQ2ElMjBocmVmJTNEJTIyJTJGZGElMkZkYyUyRiUyMiUzRUwlQzMlQTZzJTIwbWVyZSUzQyUyRmElM0UlM0MlMkZwJTNF[\/vc_raw_html][\/vc_column_inner][\/vc_row_inner][\/vc_column][\/vc_row][vc_row full_width=&#8221;stretch_row&#8221; el_class=&#8221;support_section&#8221;][vc_column][vc_row_inner][vc_column_inner el_class=&#8221;mobile_image&#8221; width=&#8221;1\/2&#8243;][vc_single_image image=&#8221;1325&#8243; img_size=&#8221;full&#8221;][\/vc_column_inner][vc_column_inner width=&#8221;1\/2&#8243;][vc_raw_html]JTNDaDMlM0UyNCUyRjclMjBzdXBwb3J0JTIwJTI2JTIwcHJvYWt0aXYlMjBvdmVydiVDMyVBNWduaW5nJTNDJTJGaDMlM0UlMEElM0NwJTNFRm9ycmV0bmluZ3Nrcml0aXNrZSUyMHN5c3RlbWVyJTIwa3IlQzMlQTZ2ZXIlMjBla3N0cmVtJTIwaCVDMyVCOGolMjBvcHBldGlkJTIwb2clMjBzdGFiaWxpdGV0LiUwQURldCUyMGtyJUMzJUE2dmVyJTIwZW4lMjBzJUMzJUE2cmxpZyUyMGVrc3BlcnRpc2UlMjBvZyUyMHByb2FrdGl2dCUyMGFyYmVqZGUlMjBmcmElMjB0ZWFtZXQlMjBhdCUyMGltJUMzJUI4ZGVrb21tZSUyMGRpc3NlJTIwYmVob3YuJTIwU29tJTIwa3VuZGUlMjBob3MlMjBvcyUyMGVyJTIwZHUlMjBzaWtyZXQlMjBzdXBwb3J0JTIwMjQlMkY3JTJDJTIwb2clMjB2aSUyMHRpbGJ5ZGVyJTIwZm9yc2tlbGxpZ2UlMjBzdXBwb3J0YWZ0YWxlciUyQyUyMHNvbSUyMGVyJTIwbSVDMyVBNWxyZXR0ZXQlMjBqZXJlcyUyMCVDMyVCOG5za2VyJTIwb2clMjBiZWhvdiUzQyUyRnAlM0UlMEElM0NwJTNFVm9yZXMlMjBkeWd0aWdlJTIwbWVkYXJiZWpkZXJlJTIwc2lkZGVyJTIwa2xhciUyMHRpbCUyMGF0JTIwbGV2ZXJlJTIwZW4lMjBwZXJzb25saWclMjBzdXBwb3J0JTIwdGlsJTIwZXZ0LiUyMHByb2JsZW1lciUyMGVsbGVyJTIwdWRmb3JkcmluZ2VyJTJDJTIwZGVyJTIwbSVDMyVBNXR0ZSUyMG9wc3QlQzMlQTUuJTNDJTJGcCUzRQ==[\/vc_raw_html][\/vc_column_inner][\/vc_row_inner][\/vc_column][\/vc_row][vc_row full_width=&#8221;stretch_row&#8221; el_class=&#8221;readygetstart&#8221; css=&#8221;.vc_custom_1460028527449{background-color: #45444b !important;}&#8221;][vc_column css=&#8221;.vc_custom_1460028536376{padding-top: 0px !important;}&#8221;][vc_row_inner][vc_column_inner][vc_column_text]<\/p>\n<h3 style=\"text-align: center;\">Klar til at komme i gang?<\/h3>\n<p>[\/vc_column_text][\/vc_column_inner][\/vc_row_inner][vc_row_inner][vc_column_inner el_class=&#8221;home_page_last_section ready_for_action&#8221; width=&#8221;1\/2&#8243;][vc_raw_html]JTNDcCUzRUVyJTIwZHUlMjBnb2R0JTIwa2wlQzMlQTZkdCUyMHAlQzMlQTUlMjB0aWwlMjB2YWxnJTIwYWYlMjBlbiUyMGNIb3N0aW5nJTIwc2VydmVybCVDMyVCOHNuaW5nJTJDJTIwZWxsZXIlMjAlQzMlQjhuc2tlciUyMGR1JTIwbWVyZSUyMGluZm9ybWF0aW9uJTIwb20lMjB2b3JlcyUyMHByb2R1a3RlciUyMG9nJTIwc2VydmljZXMlM0YlMEFWaSUyMGhqJUMzJUE2bHBlciUyMGdlcm5lJTIwbWVkJTIwYXQlMjBmaW5kZSUyMGRlbiUyMGwlQzMlQjhzbmluZyUyQyUyMGRlciUyMHBhc3NlciUyMGJlZHN0JTIwdGlsJTIwZGluZSUyMGJlaG92LiUzQyUyRnAlM0UlM0NwJTNFS29udGFrdCUyMG9zJTIwZCVDMyVCOGduZXQlMjBydW5kdCUyMHZpYSUyMGVtYWlsLiUzQyUyRnAlM0UlMEElM0NwJTNFJTNDYSUyMGhyZWYlM0QlMjIlMkZjbGllbnQlMkZjb250YWN0LnBocCUyMiUzRUtvbnRha3QlMjBvcyUzQyUyRmElM0UlM0MlMkZwJTNF[\/vc_raw_html][\/vc_column_inner][vc_column_inner el_class=&#8221;mobile_image_center&#8221; width=&#8221;1\/2&#8243;][vc_single_image image=&#8221;1298&#8243; img_size=&#8221;full&#8221; alignment=&#8221;right&#8221; css=&#8221;.vc_custom_1460028620009{margin-bottom: 0px !important;}&#8221;][\/vc_column_inner][\/vc_row_inner][\/vc_column][\/vc_row]<\/p>\n<\/div>","protected":false},"excerpt":{"rendered":"<p>[vc_row full_width=&#8221;stretch_row&#8221; el_class=&#8221;Home_call_to_action_outer&#8221;][vc_column][vc_row_inner css=&#8221;.vc_custom_1460034745477{margin-bottom: 35px !important;}&#8221;][vc_column_inner el_class=&#8221;Homepage_topsection_left&#8221; width=&#8221;1\/2&#8243;][vc_raw_html]JTNDaDMlMjBzdHlsZSUzRCUyMmZvbnQtc2l6ZSUzQSUyMDI3cHglM0IlMjBjb2xvciUzQSUyMCUyMzRlNGQ1NCUzQiUyMG1hcmdpbi1ib3R0b20lM0ElMjAyNXB4JTNCJTIwZm9udC13ZWlnaHQlM0ElMjBub3JtYWwlM0IlMjBsZXR0ZXItc3BhY2luZyUzQSUyMC0xcHglM0IlMjBsaW5lLWhlaWdodCUzQSUyMDQwcHglM0IlMjIlM0VjSG9zdGluZyUyMHNvbSUyMGRpbiUyMGhvc3RpbmdwYXJ0bmVyJTNDJTJGaDMlM0UlMEElM0NwJTNFJTBBSSUyMGRhZ2VucyUyMElULWxhbmRza2FiJTIwc3RpbGxlcyUyMGtyYXYlMjB0aWwlMjBoJUMzJUI4aiUyMG9wcGV0aWQlMkMlMjBodXJ0aWclMjByZXNwb25zJTIwb2clMjBzaWtrZXIlMjBoJUMzJUE1bmR0ZXJpbmclMjBhZiUyMGRhdGEuJTIwJTBBVm9yZXMlMjBlcmZhcm5lJTIwa29uc3VsZW50ZXIlMjBvZyUyMG1vZGVybmUlMjBkYXRhY2VudGVyJTIwc2lrcmVyJTJDJTIwYXQlMjBJJTIwZiVDMyVBNXIlMjBkZW4lMjBvcHRpbWFsZSUyMGwlQzMlQjhzbmluZyUyQyUyMCUwQWRlciUyMGdpdmVyJTIwamVyZXMlMjBoamVtbWVzaWRlciUyMG9nJTIwbWFpbHMlMjAlMEFoJUMzJUI4aiUyMHRpbGclQzMlQTZuZ2VsaWdoZWQlMjBvZyUyMGRyaWZ0c3N0YWJpbGl0ZXQuJTBBJTNDJTJGcCUzRQ==[\/vc_raw_html][\/vc_column_inner][vc_column_inner el_class=&#8221;Homepage_first_sectionright&#8221; width=&#8221;1\/2&#8243;][vc_raw_html css=&#8221;.vc_custom_1532932660766{margin-bottom: 0px !important;}&#8221;]JTNDdWwlM0UlMEElMDklM0NsaSUzRSUzQ3NwYW4lM0U5OS45JTI1JTIwb3BwZXRpZCUzQyUyRnNwYW4lM0UlM0MlMkZsaSUzRSUwQSUwOSUzQ2xpJTNFJTNDc3BhbiUzRUREb1MlMjBiZXNreXR0ZWxzZSUyMGlua2x1ZGVyZXQlMjBpJTIwYWxsZSUyMHNlcnZpY2VzJTNDJTJGc3BhbiUzRSUzQyUyRmxpJTNFJTBBJTA5JTNDbGklM0UlM0NzcGFuJTNFSHVydGlnJTIwa29uZmlndXJhdGlvbiUyMCUyNiUyMHNrciVDMyVBNmRkZXJzeWVkZSUyMGwlQzMlQjhzbmluZ2VyJTNDJTJGc3BhbiUzRSUzQyUyRmxpJTNFJTBBJTA5JTNDbGklM0UlM0NzcGFuJTNFRGFuc2slMjBob3N0aW5nJTIwLSUyMERhbnNrJTIwc3VwcG9ydCUyMC0lMjBEYW5za2UlMjBkYXRhY2VudHJlJTNDJTJGc3BhbiUzRSUzQyUyRmxpJTNFJTBBJTA5JTNDbGklM0UlM0NzcGFuJTNFTmVtJTIwJTI2JTIwZ2VubmVtc2lndGlnJTIwcHJpc3BvbGl0aWslM0MlMkZzcGFuJTNFJTNDJTJGbGklM0UlMEElM0MlMkZ1bCUzRSUwQQ==[\/vc_raw_html][\/vc_column_inner][\/vc_row_inner][\/vc_column][\/vc_row][vc_row full_width=&#8221;stretch_row&#8221; el_class=&#8221;Homepage_server_outer&#8221; css=&#8221;.vc_custom_1445934349868{background-color: #2d3342 !important;}&#8221;][vc_column css=&#8221;.vc_custom_1460025223929{padding-top: 0px !important;}&#8221;][vc_row_inner css=&#8221;.vc_custom_1460025375139{margin-bottom: 35px !important;}&#8221;][vc_column_inner el_class=&#8221;Boxes_Heading&#8221;][vc_column_text] V\u00e6lg og konfigurer din hostingl\u00f8sning &#8211; eller kontakt os, hvis du \u00f8nsker en skr\u00e6ddersyet l\u00f8sning [\/vc_column_text][\/vc_column_inner][\/vc_row_inner][vc_row_inner el_class=&#8221;Home_page_server_inner&#8221; css=&#8221;.vc_custom_1551376890393{margin-bottom: 35px !important;}&#8221;][vc_column_inner el_class=&#8221;Homepage_boxes&#8221; width=&#8221;1\/2&#8243; css=&#8221;.vc_custom_1535481275578{margin-right: 15px !important;}&#8221;][vc_raw_html]JTNDaW1nJTIwc3JjJTNEJTIyJTJGZGF0YSUyRndlYmhvc3RpbmcucG5nJTIyJTIwc3R5bGUlM0QlMjJtYXJnaW4tYm90dG9tJTNBMnB4JTIyJTIwYWx0JTNEJTIyV2ViaG9zdGluZyUyMiUyMCUyRiUzRSUwQSUzQ2g1JTNFSGplbW1lc2lkZWhvc3RpbmclM0MlMkZoNSUzRSUwQSUzQ2gyJTNFJTNDc3BhbiUzRWtyJTNDJTJGc3BhbiUzRTIyJTNDc3BhbiUyMGNsYXNzJTNEJTIybW8lMjIlM0UlMkZtZC4lM0MlMkZzcGFuJTNFJTNDJTJGaDIlM0UlMEElM0NwJTNFRXQlMjB3ZWJob3RlbCUyMG1lZCUyMHVzJUMzJUE2ZHZhbmxpZyUyMGdvZCUyMGhhc3RpZ2hlZCUzQyUyRnAlM0UlMEElM0NhJTIwaHJlZiUzRCUyMiUyRmRhJTJGd2ViaG90ZWwlMkYlMjIlM0VWJUMzJUE2bGclMjBrb25maWd1cmF0aW9uJTNDJTJGYSUzRQ==[\/vc_raw_html][\/vc_column_inner][vc_column_inner el_class=&#8221;Homepage_boxes papuler&#8221; width=&#8221;1\/2&#8243; css=&#8221;.vc_custom_1535481270899{padding-right: 0px &hellip; <a href=\"https:\/\/chosting.dk\/da\/\" class=\"more-link\">L\u00e6s mere <span class=\"screen-reader-text\">Home page<\/span><\/a><\/p>\n","protected":false},"author":6,"featured_media":2686,"parent":0,"menu_order":0,"comment_status":"open","ping_status":"closed","template":"templete_home.php","meta":{"_acf_changed":false,"inline_featured_image":false,"footnotes":""},"class_list":["post-2449","page","type-page","status-publish","has-post-thumbnail","hentry"],"acf":[],"aioseo_notices":[],"_links":{"self":[{"href":"https:\/\/chosting.dk\/da\/wp-json\/wp\/v2\/pages\/2449","targetHints":{"allow":["GET"]}}],"collection":[{"href":"https:\/\/chosting.dk\/da\/wp-json\/wp\/v2\/pages"}],"about":[{"href":"https:\/\/chosting.dk\/da\/wp-json\/wp\/v2\/types\/page"}],"author":[{"embeddable":true,"href":"https:\/\/chosting.dk\/da\/wp-json\/wp\/v2\/users\/6"}],"replies":[{"embeddable":true,"href":"https:\/\/chosting.dk\/da\/wp-json\/wp\/v2\/comments?post=2449"}],"version-history":[{"count":12,"href":"https:\/\/chosting.dk\/da\/wp-json\/wp\/v2\/pages\/2449\/revisions"}],"predecessor-version":[{"id":4099,"href":"https:\/\/chosting.dk\/da\/wp-json\/wp\/v2\/pages\/2449\/revisions\/4099"}],"wp:featuredmedia":[{"embeddable":true,"href":"https:\/\/chosting.dk\/da\/wp-json\/wp\/v2\/media\/2686"}],"wp:attachment":[{"href":"https:\/\/chosting.dk\/da\/wp-json\/wp\/v2\/media?parent=2449"}],"curies":[{"name":"wp","href":"https:\/\/api.w.org\/{rel}","templated":true}]}}